{"id":10,"date":"2016-09-01T13:00:39","date_gmt":"2016-09-01T13:00:39","guid":{"rendered":"http:\/\/segsuldistribuidora.com.br\/site\/?page_id=10"},"modified":"2016-09-26T15:56:47","modified_gmt":"2016-09-26T15:56:47","slug":"produtos","status":"publish","type":"page","link":"http:\/\/segsuldistribuidora.com.br\/site\/produtos\/","title":{"rendered":"Produtos"},"content":{"rendered":"<h3>Produtos<\/h3>\n<p>A <strong>SEGSUL<\/strong> Distribuidora fornece todo material necess\u00e1rio para que voc\u00ea possa atender seus clientes com os melhores produtos do mercado e com o melhor pre\u00e7o da regi\u00e3o, abaixo nossos seguimentos:<\/p>\n<ul>\n<li>CFTV (C\u00e2meras, DVR e acess\u00f3rios);<\/li>\n<li>Alarmes (Centrais, sensores e acess\u00f3rios);<\/li>\n<li>Cercas (El\u00e9tricas, concertinas e acess\u00f3rios);<\/li>\n<li>Port\u00e3o Eletr\u00f4nico (Motores, acess\u00f3rios);<\/li>\n<li>Interfonia (Residencial e Predial, fechaduras e acess\u00f3rios);<\/li>\n<li>Ferramentas para instala\u00e7\u00e3o;<\/li>\n<li>Acess\u00f3rios diversos para instala\u00e7\u00f5es em geral.<\/li>\n<\/ul>\n<p>Navegue sobre o menu dos produtos para verifica nosso cat\u00e1logo.<\/p>\n","protected":false},"excerpt":{"rendered":"<p>Produtos A SEGSUL Distribuidora fornece todo material necess\u00e1rio para que voc\u00ea possa atender seus clientes com os melhores produtos do mercado e com o melhor pre\u00e7o da regi\u00e3o, abaixo nossos seguimentos: CFTV (C\u00e2meras, DVR e acess\u00f3rios); Alarmes (Centrais, sensores e acess\u00f3rios); Cercas (El\u00e9tricas, concertinas e acess\u00f3rios); Port\u00e3o Eletr\u00f4nico (Motores, acess\u00f3rios); Interfonia (Residencial e Predial, fechaduras [&hellip;]<\/p>\n","protected":false},"author":1,"featured_media":0,"parent":0,"menu_order":0,"comment_status":"closed","ping_status":"closed","template":"","meta":{"footnotes":""},"class_list":["post-10","page","type-page","status-publish","hentry"],"_links":{"self":[{"href":"http:\/\/segsuldistribuidora.com.br\/site\/wp-json\/wp\/v2\/pages\/10","targetHints":{"allow":["GET"]}}],"collection":[{"href":"http:\/\/segsuldistribuidora.com.br\/site\/wp-json\/wp\/v2\/pages"}],"about":[{"href":"http:\/\/segsuldistribuidora.com.br\/site\/wp-json\/wp\/v2\/types\/page"}],"author":[{"embeddable":true,"href":"http:\/\/segsuldistribuidora.com.br\/site\/wp-json\/wp\/v2\/users\/1"}],"replies":[{"embeddable":true,"href":"http:\/\/segsuldistribuidora.com.br\/site\/wp-json\/wp\/v2\/comments?post=10"}],"version-history":[{"count":17,"href":"http:\/\/segsuldistribuidora.com.br\/site\/wp-json\/wp\/v2\/pages\/10\/revisions"}],"predecessor-version":[{"id":812,"href":"http:\/\/segsuldistribuidora.com.br\/site\/wp-json\/wp\/v2\/pages\/10\/revisions\/812"}],"wp:attachment":[{"href":"http:\/\/segsuldistribuidora.com.br\/site\/wp-json\/wp\/v2\/media?parent=10"}],"curies":[{"name":"wp","href":"https:\/\/api.w.org\/{rel}","templated":true}]}}