{"id":12,"date":"2016-09-01T13:00:49","date_gmt":"2016-09-01T13:00:49","guid":{"rendered":"http:\/\/segsuldistribuidora.com.br\/site\/?page_id=12"},"modified":"2016-09-23T18:16:46","modified_gmt":"2016-09-23T18:16:46","slug":"suporte","status":"publish","type":"page","link":"http:\/\/segsuldistribuidora.com.br\/site\/suporte\/","title":{"rendered":"Suporte"},"content":{"rendered":"<h3><strong>Suporte T\u00e9cnico<\/strong><\/h3>\n<p>Estamos sempre a disposi\u00e7\u00e3o para melhor atender, contamos uma equipe t\u00e9cnica treinada para esclarecer suas d\u00favidas durante suas instala\u00e7\u00f5es.<\/p>\n<p>Nossas formas de contato de suporte:<\/p>\n<p><strong><br \/>\n<img loading=\"lazy\" decoding=\"async\" class=\"alignnone size-full wp-image-778\" src=\"http:\/\/segsuldistribuidora.com.br\/site\/wp-content\/uploads\/2016\/09\/phoneicon.png\" alt=\"phoneicon\" width=\"40\" height=\"40\" srcset=\"http:\/\/segsuldistribuidora.com.br\/site\/wp-content\/uploads\/2016\/09\/phoneicon.png 40w, http:\/\/segsuldistribuidora.com.br\/site\/wp-content\/uploads\/2016\/09\/phoneicon-36x36.png 36w, http:\/\/segsuldistribuidora.com.br\/site\/wp-content\/uploads\/2016\/09\/phoneicon-32x32.png 32w\" sizes=\"auto, (max-width: 40px) 100vw, 40px\" \/>\u00a0 \u00a0(35) 3423-5699 &#8211; \u00a09 9968-0280 &#8211;\u00a09 9818-1623<br \/>\n<img loading=\"lazy\" decoding=\"async\" class=\"alignnone size-full wp-image-771\" src=\"http:\/\/segsuldistribuidora.com.br\/site\/wp-content\/uploads\/2016\/09\/zapicon.png\" alt=\"zapicon\" width=\"40\" height=\"40\" srcset=\"http:\/\/segsuldistribuidora.com.br\/site\/wp-content\/uploads\/2016\/09\/zapicon.png 40w, http:\/\/segsuldistribuidora.com.br\/site\/wp-content\/uploads\/2016\/09\/zapicon-36x36.png 36w, http:\/\/segsuldistribuidora.com.br\/site\/wp-content\/uploads\/2016\/09\/zapicon-32x32.png 32w\" sizes=\"auto, (max-width: 40px) 100vw, 40px\" \/>\u00a0 \u00a0(35) 9 9984-9019<br \/>\n<img loading=\"lazy\" decoding=\"async\" class=\"alignnone size-full wp-image-777\" src=\"http:\/\/segsuldistribuidora.com.br\/site\/wp-content\/uploads\/2016\/09\/emailicon.png\" alt=\"emailicon\" width=\"40\" height=\"40\" srcset=\"http:\/\/segsuldistribuidora.com.br\/site\/wp-content\/uploads\/2016\/09\/emailicon.png 40w, http:\/\/segsuldistribuidora.com.br\/site\/wp-content\/uploads\/2016\/09\/emailicon-36x36.png 36w, http:\/\/segsuldistribuidora.com.br\/site\/wp-content\/uploads\/2016\/09\/emailicon-32x32.png 32w\" sizes=\"auto, (max-width: 40px) 100vw, 40px\" \/>\u00a0 \u00a0tecnico@segsuldistribuidora.com.br<br \/>\n<img loading=\"lazy\" decoding=\"async\" class=\"alignnone size-full wp-image-779\" src=\"http:\/\/segsuldistribuidora.com.br\/site\/wp-content\/uploads\/2016\/09\/skypeicon.png\" alt=\"skypeicon\" width=\"40\" height=\"40\" srcset=\"http:\/\/segsuldistribuidora.com.br\/site\/wp-content\/uploads\/2016\/09\/skypeicon.png 40w, http:\/\/segsuldistribuidora.com.br\/site\/wp-content\/uploads\/2016\/09\/skypeicon-36x36.png 36w, http:\/\/segsuldistribuidora.com.br\/site\/wp-content\/uploads\/2016\/09\/skypeicon-32x32.png 32w\" sizes=\"auto, (max-width: 40px) 100vw, 40px\" \/>\u00a0\u00a0\u00a0tecnicosegsul<br \/>\n<img loading=\"lazy\" decoding=\"async\" class=\"alignnone size-full wp-image-781\" src=\"http:\/\/segsuldistribuidora.com.br\/site\/wp-content\/uploads\/2016\/09\/chaticon-1.png\" alt=\"chaticon\" width=\"40\" height=\"40\" srcset=\"http:\/\/segsuldistribuidora.com.br\/site\/wp-content\/uploads\/2016\/09\/chaticon-1.png 40w, http:\/\/segsuldistribuidora.com.br\/site\/wp-content\/uploads\/2016\/09\/chaticon-1-36x36.png 36w, http:\/\/segsuldistribuidora.com.br\/site\/wp-content\/uploads\/2016\/09\/chaticon-1-32x32.png 32w\" sizes=\"auto, (max-width: 40px) 100vw, 40px\" \/>\u00a0\u00a0\u00a0Fale conosco AO VIVO no bal\u00e3o do lado direito de todas as p\u00e1ginas, nosso suporte online funciona em hor\u00e1rio comercial.<br \/>\n<\/strong><\/p>\n<p style=\"text-align: center;\"><a href=\"https:\/\/download.teamviewer.com\/download\/TeamViewer_Setup_pt.exe\"><img loading=\"lazy\" decoding=\"async\" class=\"alignnone wp-image-787\" src=\"http:\/\/segsuldistribuidora.com.br\/site\/wp-content\/uploads\/2016\/09\/teamviewer-300x188.jpg\" alt=\"teamviewer\" width=\"192\" height=\"120\" srcset=\"http:\/\/segsuldistribuidora.com.br\/site\/wp-content\/uploads\/2016\/09\/teamviewer-300x188.jpg 300w, http:\/\/segsuldistribuidora.com.br\/site\/wp-content\/uploads\/2016\/09\/teamviewer-36x23.jpg 36w, http:\/\/segsuldistribuidora.com.br\/site\/wp-content\/uploads\/2016\/09\/teamviewer-90x56.jpg 90w, http:\/\/segsuldistribuidora.com.br\/site\/wp-content\/uploads\/2016\/09\/teamviewer-150x94.jpg 150w, http:\/\/segsuldistribuidora.com.br\/site\/wp-content\/uploads\/2016\/09\/teamviewer-32x20.jpg 32w, http:\/\/segsuldistribuidora.com.br\/site\/wp-content\/uploads\/2016\/09\/teamviewer.jpg 640w\" sizes=\"auto, (max-width: 192px) 100vw, 192px\" \/><\/a><br \/>\n<strong>Para acesso remoto, antes de nos contatar<br \/>\n<\/strong><strong>instale o <a href=\"https:\/\/download.teamviewer.com\/download\/TeamViewer_Setup_pt.exe\">TeamViewer<\/a> em seu computador.<\/strong><\/p>\n","protected":false},"excerpt":{"rendered":"<p>Suporte T\u00e9cnico Estamos sempre a disposi\u00e7\u00e3o para melhor atender, contamos uma equipe t\u00e9cnica treinada para esclarecer suas d\u00favidas durante suas instala\u00e7\u00f5es. Nossas formas de contato de suporte: \u00a0 \u00a0(35) 3423-5699 &#8211; \u00a09 9968-0280 &#8211;\u00a09 9818-1623 \u00a0 \u00a0(35) 9 9984-9019 \u00a0 \u00a0tecnico@segsuldistribuidora.com.br \u00a0\u00a0\u00a0tecnicosegsul \u00a0\u00a0\u00a0Fale conosco AO VIVO no bal\u00e3o do lado direito de todas as p\u00e1ginas, [&hellip;]<\/p>\n","protected":false},"author":1,"featured_media":0,"parent":0,"menu_order":0,"comment_status":"closed","ping_status":"closed","template":"","meta":{"footnotes":""},"class_list":["post-12","page","type-page","status-publish","hentry"],"_links":{"self":[{"href":"http:\/\/segsuldistribuidora.com.br\/site\/wp-json\/wp\/v2\/pages\/12","targetHints":{"allow":["GET"]}}],"collection":[{"href":"http:\/\/segsuldistribuidora.com.br\/site\/wp-json\/wp\/v2\/pages"}],"about":[{"href":"http:\/\/segsuldistribuidora.com.br\/site\/wp-json\/wp\/v2\/types\/page"}],"author":[{"embeddable":true,"href":"http:\/\/segsuldistribuidora.com.br\/site\/wp-json\/wp\/v2\/users\/1"}],"replies":[{"embeddable":true,"href":"http:\/\/segsuldistribuidora.com.br\/site\/wp-json\/wp\/v2\/comments?post=12"}],"version-history":[{"count":12,"href":"http:\/\/segsuldistribuidora.com.br\/site\/wp-json\/wp\/v2\/pages\/12\/revisions"}],"predecessor-version":[{"id":789,"href":"http:\/\/segsuldistribuidora.com.br\/site\/wp-json\/wp\/v2\/pages\/12\/revisions\/789"}],"wp:attachment":[{"href":"http:\/\/segsuldistribuidora.com.br\/site\/wp-json\/wp\/v2\/media?parent=12"}],"curies":[{"name":"wp","href":"https:\/\/api.w.org\/{rel}","templated":true}]}}