{"id":14,"date":"2016-09-01T13:01:02","date_gmt":"2016-09-01T13:01:02","guid":{"rendered":"http:\/\/segsuldistribuidora.com.br\/site\/?page_id=14"},"modified":"2016-09-26T16:31:36","modified_gmt":"2016-09-26T16:31:36","slug":"contato","status":"publish","type":"page","link":"http:\/\/segsuldistribuidora.com.br\/site\/contato\/","title":{"rendered":"Contato"},"content":{"rendered":"<h3>Contato<\/h3>\n<p>Entre em contato com gente sempre que quiser, abaixo deixamos v\u00e1rias op\u00e7\u00f5es de contato para melhor atende-lo.<\/p>\n<p><strong><br \/>\n<img loading=\"lazy\" decoding=\"async\" class=\"alignnone size-full wp-image-778\" src=\"http:\/\/segsuldistribuidora.com.br\/site\/wp-content\/uploads\/2016\/09\/phoneicon.png\" alt=\"phoneicon\" width=\"40\" height=\"40\" srcset=\"http:\/\/segsuldistribuidora.com.br\/site\/wp-content\/uploads\/2016\/09\/phoneicon.png 40w, http:\/\/segsuldistribuidora.com.br\/site\/wp-content\/uploads\/2016\/09\/phoneicon-36x36.png 36w, http:\/\/segsuldistribuidora.com.br\/site\/wp-content\/uploads\/2016\/09\/phoneicon-32x32.png 32w\" sizes=\"auto, (max-width: 40px) 100vw, 40px\" \/>\u00a0 \u00a0(35) 3423-5699 &#8211; \u00a09 9968-0280 &#8211;\u00a09 9818-1623<br \/>\n<img loading=\"lazy\" decoding=\"async\" class=\"alignnone size-full wp-image-777\" src=\"http:\/\/segsuldistribuidora.com.br\/site\/wp-content\/uploads\/2016\/09\/emailicon.png\" alt=\"emailicon\" width=\"40\" height=\"40\" srcset=\"http:\/\/segsuldistribuidora.com.br\/site\/wp-content\/uploads\/2016\/09\/emailicon.png 40w, http:\/\/segsuldistribuidora.com.br\/site\/wp-content\/uploads\/2016\/09\/emailicon-36x36.png 36w, http:\/\/segsuldistribuidora.com.br\/site\/wp-content\/uploads\/2016\/09\/emailicon-32x32.png 32w\" sizes=\"auto, (max-width: 40px) 100vw, 40px\" \/>\u00a0 \u00a0comercial@segsuldistribuidora.com.br,\u00a0comercial1@segsuldistribuidora.com.br<br \/>\n<img loading=\"lazy\" decoding=\"async\" class=\"alignnone size-full wp-image-779\" src=\"http:\/\/segsuldistribuidora.com.br\/site\/wp-content\/uploads\/2016\/09\/skypeicon.png\" alt=\"skypeicon\" width=\"40\" height=\"40\" srcset=\"http:\/\/segsuldistribuidora.com.br\/site\/wp-content\/uploads\/2016\/09\/skypeicon.png 40w, http:\/\/segsuldistribuidora.com.br\/site\/wp-content\/uploads\/2016\/09\/skypeicon-36x36.png 36w, http:\/\/segsuldistribuidora.com.br\/site\/wp-content\/uploads\/2016\/09\/skypeicon-32x32.png 32w\" sizes=\"auto, (max-width: 40px) 100vw, 40px\" \/>\u00a0 \u00a0vendassegsul<br \/>\n<img loading=\"lazy\" decoding=\"async\" class=\"alignnone size-full wp-image-781\" src=\"http:\/\/segsuldistribuidora.com.br\/site\/wp-content\/uploads\/2016\/09\/chaticon-1.png\" alt=\"chaticon\" width=\"40\" height=\"40\" srcset=\"http:\/\/segsuldistribuidora.com.br\/site\/wp-content\/uploads\/2016\/09\/chaticon-1.png 40w, http:\/\/segsuldistribuidora.com.br\/site\/wp-content\/uploads\/2016\/09\/chaticon-1-36x36.png 36w, http:\/\/segsuldistribuidora.com.br\/site\/wp-content\/uploads\/2016\/09\/chaticon-1-32x32.png 32w\" sizes=\"auto, (max-width: 40px) 100vw, 40px\" \/>\u00a0\u00a0\u00a0Fale conosco AO VIVO no bal\u00e3o do lado direito de todas as p\u00e1ginas, nosso suporte online funciona em hor\u00e1rio comercial.<\/strong><\/p>\n<p style=\"text-align: center;\"><strong>Endere\u00e7o:<\/strong> Rua Adriano Freitas Cardoso, 100 &#8211; Bairro F\u00e1tima 3 &#8211; Pouso Alegre\/MG<br \/>\n<div id=\"wpgmza_map\" class=\"wpgmza_map\" data-settings='{\"id\":\"1\",\"map_title\":\"Endere\\u00e7o\",\"map_width\":\"100\",\"map_height\":\"200\",\"map_start_lat\":\"-22.217714\",\"map_start_lng\":\"-45.916647\",\"map_start_location\":\"-22.217714290784855,-45.916647264961234\",\"map_start_zoom\":\"17\",\"default_marker\":\"0\",\"type\":\"1\",\"alignment\":\"1\",\"directions_enabled\":\"1\",\"styling_enabled\":\"0\",\"styling_json\":\"\",\"active\":\"0\",\"kml\":\"\",\"bicycle\":\"2\",\"traffic\":\"2\",\"dbox\":\"1\",\"dbox_width\":\"100\",\"listmarkers\":\"0\",\"listmarkers_advanced\":\"0\",\"filterbycat\":\"0\",\"ugm_enabled\":\"0\",\"ugm_category_enabled\":\"0\",\"fusion\":\"\",\"map_width_type\":\"\\\\%\",\"map_height_type\":\"px\",\"mass_marker_support\":\"1\",\"ugm_access\":\"0\",\"order_markers_by\":\"1\",\"order_markers_choice\":\"2\",\"show_user_location\":\"0\",\"default_to\":\"\",\"other_settings\":{\"store_locator_enabled\":2,\"store_locator_distance\":2,\"store_locator_bounce\":1,\"store_locator_query_string\":\"CEP \\\/ Endere\\u00e7o:\",\"wpgmza_store_locator_restrict\":\"\",\"map_max_zoom\":\"1\",\"transport_layer\":2,\"wpgmza_theme_data\":\"\"}}' data-map-id='1' Data-maps-engine='' data-shortcode-attributes='{\"id\":\"1\"}' style=\"display:block; overflow:auto; width:100%; height:200px; float:left;\"><\/div><\/p>\n","protected":false},"excerpt":{"rendered":"<p>Contato Entre em contato com gente sempre que quiser, abaixo deixamos v\u00e1rias op\u00e7\u00f5es de contato para melhor atende-lo. \u00a0 \u00a0(35) 3423-5699 &#8211; \u00a09 9968-0280 &#8211;\u00a09 9818-1623 \u00a0 \u00a0comercial@segsuldistribuidora.com.br,\u00a0comercial1@segsuldistribuidora.com.br \u00a0 \u00a0vendassegsul \u00a0\u00a0\u00a0Fale conosco AO VIVO no bal\u00e3o do lado direito de todas as p\u00e1ginas, nosso suporte online funciona em hor\u00e1rio comercial. Endere\u00e7o: Rua Adriano Freitas Cardoso, [&hellip;]<\/p>\n","protected":false},"author":1,"featured_media":0,"parent":0,"menu_order":0,"comment_status":"closed","ping_status":"closed","template":"","meta":{"footnotes":""},"class_list":["post-14","page","type-page","status-publish","hentry"],"_links":{"self":[{"href":"http:\/\/segsuldistribuidora.com.br\/site\/wp-json\/wp\/v2\/pages\/14","targetHints":{"allow":["GET"]}}],"collection":[{"href":"http:\/\/segsuldistribuidora.com.br\/site\/wp-json\/wp\/v2\/pages"}],"about":[{"href":"http:\/\/segsuldistribuidora.com.br\/site\/wp-json\/wp\/v2\/types\/page"}],"author":[{"embeddable":true,"href":"http:\/\/segsuldistribuidora.com.br\/site\/wp-json\/wp\/v2\/users\/1"}],"replies":[{"embeddable":true,"href":"http:\/\/segsuldistribuidora.com.br\/site\/wp-json\/wp\/v2\/comments?post=14"}],"version-history":[{"count":13,"href":"http:\/\/segsuldistribuidora.com.br\/site\/wp-json\/wp\/v2\/pages\/14\/revisions"}],"predecessor-version":[{"id":825,"href":"http:\/\/segsuldistribuidora.com.br\/site\/wp-json\/wp\/v2\/pages\/14\/revisions\/825"}],"wp:attachment":[{"href":"http:\/\/segsuldistribuidora.com.br\/site\/wp-json\/wp\/v2\/media?parent=14"}],"curies":[{"name":"wp","href":"https:\/\/api.w.org\/{rel}","templated":true}]}}