{"id":8,"date":"2016-09-01T13:00:20","date_gmt":"2016-09-01T13:00:20","guid":{"rendered":"http:\/\/segsuldistribuidora.com.br\/site\/?page_id=8"},"modified":"2016-09-23T14:28:52","modified_gmt":"2016-09-23T14:28:52","slug":"nossa-empresa","status":"publish","type":"page","link":"http:\/\/segsuldistribuidora.com.br\/site\/nossa-empresa\/","title":{"rendered":"Nossa Empresa"},"content":{"rendered":"<p><strong><img loading=\"lazy\" decoding=\"async\" class=\"alignleft wp-image-733\" src=\"http:\/\/segsuldistribuidora.com.br\/site\/wp-content\/uploads\/2016\/09\/WhatsApp-Image-2016-09-01-at-15.17.25-204x300.jpeg\" width=\"136\" height=\"200\" srcset=\"http:\/\/segsuldistribuidora.com.br\/site\/wp-content\/uploads\/2016\/09\/WhatsApp-Image-2016-09-01-at-15.17.25-204x300.jpeg 204w, http:\/\/segsuldistribuidora.com.br\/site\/wp-content\/uploads\/2016\/09\/WhatsApp-Image-2016-09-01-at-15.17.25-24x36.jpeg 24w, http:\/\/segsuldistribuidora.com.br\/site\/wp-content\/uploads\/2016\/09\/WhatsApp-Image-2016-09-01-at-15.17.25-61x90.jpeg 61w, http:\/\/segsuldistribuidora.com.br\/site\/wp-content\/uploads\/2016\/09\/WhatsApp-Image-2016-09-01-at-15.17.25-102x150.jpeg 102w, http:\/\/segsuldistribuidora.com.br\/site\/wp-content\/uploads\/2016\/09\/WhatsApp-Image-2016-09-01-at-15.17.25-22x32.jpeg 22w, http:\/\/segsuldistribuidora.com.br\/site\/wp-content\/uploads\/2016\/09\/WhatsApp-Image-2016-09-01-at-15.17.25.jpeg 682w\" sizes=\"auto, (max-width: 136px) 100vw, 136px\" \/>CONHE\u00c7A A SEGSUL<\/strong><\/p>\n<p>Com mais de 14 anos de tradi\u00e7\u00e3o no mercado mineiro ,a <strong>SEGSUL<\/strong>\u00a0renova a cada dia o seu mix de produtos proporcionando mais seguran\u00e7a,qualidade e compromisso com seus parceiros e clientes.<\/p>\n<p>Refer\u00eancia no setor do sul de minas, a <strong>SEGSUL<\/strong> investe em produtos de ponta, tecnologia, qualidade e na agilidade do estoque para que seja \u00e1gil a entrega .<\/p>\n<p>Situada em Pouso Alegre\/MG no sul de minas, a empresa atende hoje varias revendas no setor mineiro, quando o assunto \u00e9 seguran\u00e7a eletr\u00f4nica e todo seu grupo a <strong>SEGSUL<\/strong> sempre com toda aten\u00e7\u00e3o para melhor atende-los &#8230;<\/p>\n<p>Estamos instalados na\u00a0Rua Adriano Freitas Cardoso, 100 no Bairro F\u00e1tima 3, venha fazer uma visita e conhe\u00e7a nossa empresa.<\/p>\n","protected":false},"excerpt":{"rendered":"<p>CONHE\u00c7A A SEGSUL Com mais de 14 anos de tradi\u00e7\u00e3o no mercado mineiro ,a SEGSUL\u00a0renova a cada dia o seu mix de produtos proporcionando mais seguran\u00e7a,qualidade e compromisso com seus parceiros e clientes. Refer\u00eancia no setor do sul de minas, a SEGSUL investe em produtos de ponta, tecnologia, qualidade e na agilidade do estoque para [&hellip;]<\/p>\n","protected":false},"author":1,"featured_media":0,"parent":0,"menu_order":0,"comment_status":"closed","ping_status":"closed","template":"","meta":{"footnotes":""},"class_list":["post-8","page","type-page","status-publish","hentry"],"_links":{"self":[{"href":"http:\/\/segsuldistribuidora.com.br\/site\/wp-json\/wp\/v2\/pages\/8","targetHints":{"allow":["GET"]}}],"collection":[{"href":"http:\/\/segsuldistribuidora.com.br\/site\/wp-json\/wp\/v2\/pages"}],"about":[{"href":"http:\/\/segsuldistribuidora.com.br\/site\/wp-json\/wp\/v2\/types\/page"}],"author":[{"embeddable":true,"href":"http:\/\/segsuldistribuidora.com.br\/site\/wp-json\/wp\/v2\/users\/1"}],"replies":[{"embeddable":true,"href":"http:\/\/segsuldistribuidora.com.br\/site\/wp-json\/wp\/v2\/comments?post=8"}],"version-history":[{"count":8,"href":"http:\/\/segsuldistribuidora.com.br\/site\/wp-json\/wp\/v2\/pages\/8\/revisions"}],"predecessor-version":[{"id":767,"href":"http:\/\/segsuldistribuidora.com.br\/site\/wp-json\/wp\/v2\/pages\/8\/revisions\/767"}],"wp:attachment":[{"href":"http:\/\/segsuldistribuidora.com.br\/site\/wp-json\/wp\/v2\/media?parent=8"}],"curies":[{"name":"wp","href":"https:\/\/api.w.org\/{rel}","templated":true}]}}